{"id":334,"date":"2016-09-30T09:34:23","date_gmt":"2016-09-30T09:34:23","guid":{"rendered":"http:\/\/localhost\/flash-new\/?page_id=4"},"modified":"2024-02-01T11:28:30","modified_gmt":"2024-02-01T09:28:30","slug":"home","status":"publish","type":"page","link":"https:\/\/www.insolitus.fi\/","title":{"rendered":"Home"},"content":{"rendered":"<div id=\"pl-334\"  class=\"panel-layout\" ><div id=\"pg-334-0\"  class=\"panel-grid panel-has-style\" ><div id=\"home\" class=\"panel-row-style panel-row-style-for-334-0\" ><div id=\"pgc-334-0-0\"  class=\"panel-grid-cell panel-grid-cell-empty\" ><\/div><\/div><\/div><div id=\"pg-334-1\"  class=\"panel-grid panel-has-style\" ><div class=\"siteorigin-panels-stretch panel-row-style panel-row-style-for-334-1\" id=\"page\" data-stretch-type=\"full-width-stretch\" ><div id=\"pgc-334-1-0\"  class=\"panel-grid-cell\" ><div id=\"panel-334-1-0-0\" class=\"so-panel widget widget_themegrill_flash_slider tg-section tg-slider-widget panel-first-child panel-last-child\" data-index=\"0\" ><div class=\"tg-slider-widget slider-dark slider-content-center slider-control-center full-width\">\n\t<div class=\"swiper-container\">\n\t\t<div class=\"swiper-wrapper\">\n\t\t\t\n\t\t\t\t\t<div class=\"swiper-slide\">\n\t\t\t\t\t\t<figure class=\"slider-image\" >\n\t\t\t\t\t\t\t<img width=\"1920\" height=\"1000\"\t\t\t\t\t\t\t\t\tsrc=\"http:\/\/www.insolitus.fi\/wp-content\/uploads\/2020\/09\/office-3.jpg\"\n\t\t\t\t\t\t\t\t\talt=\"Insolitus mukana sairaala Novan ICT-suunnittelussa\"\n\t\t\t\t\t\t\t\t\ttitle=\"Insolitus mukana sairaala Novan ICT-suunnittelussa\"\/>\n\t\t\t\t\t\t\t<div class=\"overlay\"><\/div>\n\t\t\t\t\t\t<\/figure>\n\t\t\t\t\t\t<div class=\"slider-content\">\n\t\t\t\t\t\t\t<div class=\"tg-container\">\n\t\t\t\t\t\t\t\t<div class=\"caption-title\">Insolitus mukana sairaala Novan ICT-suunnittelussa<\/div>\n\t\t\t\t\t\t\t\t<div class=\"caption-desc\">Insolitus on osallistunut vuoden 2020 aikana aktiivisesti sairaala Novan ICT:n suunnitteluun asiantuntijan ja m\u00e4\u00e4rittelij\u00e4n roolissa.<\/div>\n\t\t\t\t\t\t\t\t\t\t\t\t\t\t\t<\/div>\n\t\t\t\t\t\t<\/div>\n\t\t\t\t\t<\/div>\n\n\t\t\t\t\n\t\t\t\t\t<div class=\"swiper-slide\">\n\t\t\t\t\t\t<figure class=\"slider-image\" >\n\t\t\t\t\t\t\t<img width=\"1920\" height=\"1000\"\t\t\t\t\t\t\t\t\tsrc=\"http:\/\/www.insolitus.fi\/wp-content\/uploads\/2020\/09\/office-3.jpg\"\n\t\t\t\t\t\t\t\t\talt=\"Insolitus Oy mukana sote-uudistuksessa Keski-Suomen ja Vantaa-Keravan hyvinvointialueilla. Vastuualueina asiakaspalveluprosessit ja puhepalvelut.\"\n\t\t\t\t\t\t\t\t\ttitle=\"Insolitus Oy mukana sote-uudistuksessa Keski-Suomen ja Vantaa-Keravan hyvinvointialueilla. Vastuualueina asiakaspalveluprosessit ja puhepalvelut.\"\/>\n\t\t\t\t\t\t\t<div class=\"overlay\"><\/div>\n\t\t\t\t\t\t<\/figure>\n\t\t\t\t\t\t<div class=\"slider-content\">\n\t\t\t\t\t\t\t<div class=\"tg-container\">\n\t\t\t\t\t\t\t\t<div class=\"caption-title\">Insolitus Oy mukana sote-uudistuksessa Keski-Suomen ja Vantaa-Keravan hyvinvointialueilla. Vastuualueina asiakaspalveluprosessit ja puhepalvelut.<\/div>\n\t\t\t\t\t\t\t\t<div class=\"caption-desc\">Erityisosaamisemme on sosiaali-, ja terveydenhuollon paikallisissa, alueellisissa ja kansallisissa IT-ratkaisuissa<\/div>\n\t\t\t\t\t\t\t\t\t\t\t\t\t\t\t<\/div>\n\t\t\t\t\t\t<\/div>\n\t\t\t\t\t<\/div>\n\n\t\t\t\t\t\t<\/div>\n\t\t<div class=\"swiper-pagination\"><\/div>\n\t\t<div class=\"slider-arrow\">\n\t\t\t<div class=\"swiper-button-next\"><\/div>\n\t\t\t<div class=\"swiper-button-prev\"><\/div>\n\t\t<\/div>\n\t<\/div>\n<\/div>\n<\/div><\/div><\/div><\/div><div id=\"pg-334-2\"  class=\"panel-grid panel-has-style\" ><div id=\"services\" class=\"panel-row-style panel-row-style-for-334-2\" ><div id=\"pgc-334-2-0\"  class=\"panel-grid-cell\" ><div id=\"panel-334-2-0-0\" class=\"so-panel widget widget_siteorigin-panels-builder panel-first-child panel-last-child\" data-index=\"1\" ><div class=\"panel-widget-style panel-widget-style-for-334-2-0-0\" ><div id=\"pl-w5f5152c2f1572\"  class=\"panel-layout\" ><div id=\"pg-w5f5152c2f1572-0\"  class=\"panel-grid panel-no-style\" ><div id=\"pgc-w5f5152c2f1572-0-0\"  class=\"panel-grid-cell\" ><div id=\"panel-w5f5152c2f1572-0-0-0\" class=\"so-panel widget widget_themegrill_flash_heading tg-widget section-title-wrapper panel-first-child panel-last-child\" data-index=\"0\" >\t<h3 class=\"section-title\">Palvelumme<\/h3>\n<\/div><\/div><\/div><div id=\"pg-w5f5152c2f1572-1\"  class=\"panel-grid panel-no-style\" ><div id=\"pgc-w5f5152c2f1572-1-0\"  class=\"panel-grid-cell\" ><div id=\"panel-w5f5152c2f1572-1-0-0\" class=\"so-panel widget widget_text panel-first-child panel-last-child\" data-index=\"1\" >\t\t\t<div class=\"textwidget\"><p>Yrityksen visiona on toimia verkostomaisesti eri toimijoiden kanssa siten, ett\u00e4 asiakkaalle tarjotaan h\u00e4nen tarpeeseensa paras kokoonpano asiantuntijoista. Emme halua tarjota k\u00e4sien heiluttelua, vaan aidosti tuloksellista ja vaikuttavaa tekemist\u00e4.<\/p>\n<\/div>\n\t\t<\/div><\/div><\/div><div id=\"pg-w5f5152c2f1572-2\"  class=\"panel-grid panel-has-style\" ><div class=\"panel-row-style panel-row-style-for-w5f5152c2f1572-2\" ><div id=\"pgc-w5f5152c2f1572-2-0\"  class=\"panel-grid-cell\" ><div id=\"panel-w5f5152c2f1572-2-0-0\" class=\"so-panel widget widget_themegrill_flash_service tg-widget tg-single-service panel-first-child panel-last-child\" data-index=\"2\" >\n<div class=\"tg-service-widget tg-service-layout-2\">\n\t<div class=\"service-wrapper\">\n\t\t<div class=\"service-icon-title-wrapper clearfix\">\n\t\t\t\t\t\t<div class=\"service-icon-wrap\"><i class=\"fa fa-cogs\"><\/i><\/div>\n\t\t\t\t\t\t\t\t\t\t\t\t<h3 class=\"service-title-wrap\">\n\t\t\t\t\t\t\t\t<a href=\"index.php\/palvelumme\/\">\n\t\t\t\tKokonaisarkkitehtuuri\t\t\t\t\t\t\t\t<\/a>\n\t\t\t\t\t\t\t<\/h3>\n\t\t\t\t\t<\/div>\n\t\t\t\t<div class=\"service-content-wrap\">Yhteentoimivuutta arkkitehtuurilla<\/div>\n\t\t\t\t\t\t<a class=\"service-more\" href=\"index.php\/palvelumme\/\">LUE LIS\u00c4\u00c4<\/a>\n\t\t\t<\/div>\n<\/div>\n<\/div><\/div><div id=\"pgc-w5f5152c2f1572-2-1\"  class=\"panel-grid-cell\" ><div id=\"panel-w5f5152c2f1572-2-1-0\" class=\"so-panel widget widget_themegrill_flash_service tg-widget tg-single-service panel-first-child panel-last-child\" data-index=\"3\" >\n<div class=\"tg-service-widget tg-service-layout-2\">\n\t<div class=\"service-wrapper\">\n\t\t<div class=\"service-icon-title-wrapper clearfix\">\n\t\t\t\t\t\t<div class=\"service-icon-wrap\"><i class=\"fa fa-laptop\"><\/i><\/div>\n\t\t\t\t\t\t\t\t\t\t\t\t<h3 class=\"service-title-wrap\">\n\t\t\t\t\t\t\t\t<a href=\"index.php\/palvelumme\/\">\n\t\t\t\tEsiselvitykset ja m\u00e4\u00e4rittelyt\t\t\t\t\t\t\t\t<\/a>\n\t\t\t\t\t\t\t<\/h3>\n\t\t\t\t\t<\/div>\n\t\t\t\t<div class=\"service-content-wrap\">Oikeat ty\u00f6kalut tukemaan toiminnan tarpeita<\/div>\n\t\t\t\t\t\t<a class=\"service-more\" href=\"index.php\/palvelumme\/\">LUE LIS\u00c4\u00c4<\/a>\n\t\t\t<\/div>\n<\/div>\n<\/div><\/div><div id=\"pgc-w5f5152c2f1572-2-2\"  class=\"panel-grid-cell\" ><div id=\"panel-w5f5152c2f1572-2-2-0\" class=\"so-panel widget widget_themegrill_flash_service tg-widget tg-single-service panel-first-child panel-last-child\" data-index=\"4\" >\n<div class=\"tg-service-widget tg-service-layout-2\">\n\t<div class=\"service-wrapper\">\n\t\t<div class=\"service-icon-title-wrapper clearfix\">\n\t\t\t\t\t\t<div class=\"service-icon-wrap\"><i class=\"fa fa-trophy\"><\/i><\/div>\n\t\t\t\t\t\t\t\t\t\t\t\t<h3 class=\"service-title-wrap\">\n\t\t\t\t\t\t\t\t<a href=\"index.php\/palvelumme\/\">\n\t\t\t\tTietohallinnon konsultointi\t\t\t\t\t\t\t\t<\/a>\n\t\t\t\t\t\t\t<\/h3>\n\t\t\t\t\t<\/div>\n\t\t\t\t<div class=\"service-content-wrap\">Formaaleilla prosesseilla, j\u00e4rkevill\u00e4 mittareilla ja viisailla sopimuksilla tietohallinto pakollisesta kustannuksesta toiminnan mahdollistajaksi<\/div>\n\t\t\t\t\t\t<a class=\"service-more\" href=\"index.php\/palvelumme\/\">LUE LIS\u00c4\u00c4<\/a>\n\t\t\t<\/div>\n<\/div>\n<\/div><\/div><div id=\"pgc-w5f5152c2f1572-2-3\"  class=\"panel-grid-cell\" ><div id=\"panel-w5f5152c2f1572-2-3-0\" class=\"so-panel widget widget_themegrill_flash_service tg-widget tg-single-service panel-first-child panel-last-child\" data-index=\"5\" >\n<div class=\"tg-service-widget tg-service-layout-2\">\n\t<div class=\"service-wrapper\">\n\t\t<div class=\"service-icon-title-wrapper clearfix\">\n\t\t\t\t\t\t<div class=\"service-icon-wrap\"><i class=\"fa fa-handshake-o\"><\/i><\/div>\n\t\t\t\t\t\t\t\t\t\t\t\t<h3 class=\"service-title-wrap\">\n\t\t\t\t\t\t\t\t<a href=\"index.php\/palvelumme\/\">\n\t\t\t\tPro bono\t\t\t\t\t\t\t\t<\/a>\n\t\t\t\t\t\t\t<\/h3>\n\t\t\t\t\t<\/div>\n\t\t\t\t<div class=\"service-content-wrap\">Yhteiskuntavastuu<\/div>\n\t\t\t\t\t\t<a class=\"service-more\" href=\"index.php\/palvelumme\/\">LUE LIS\u00c4\u00c4<\/a>\n\t\t\t<\/div>\n<\/div>\n<\/div><\/div><\/div><\/div><\/div><\/div><\/div><\/div><\/div><\/div><div id=\"pg-334-3\"  class=\"panel-grid panel-has-style\" ><div id=\"team\" class=\"panel-row-style panel-row-style-for-334-3\" ><div id=\"pgc-334-3-0\"  class=\"panel-grid-cell\" ><div id=\"panel-334-3-0-0\" class=\"so-panel widget widget_siteorigin-panels-builder panel-first-child panel-last-child\" data-index=\"2\" ><div class=\"panel-widget-style panel-widget-style-for-334-3-0-0\" ><div id=\"pl-w5f5227336e2ed\"  class=\"panel-layout\" ><div id=\"pg-w5f5227336e2ed-0\"  class=\"panel-grid panel-no-style\" ><div id=\"pgc-w5f5227336e2ed-0-0\"  class=\"panel-grid-cell\" ><div id=\"panel-w5f5227336e2ed-0-0-0\" class=\"so-panel widget widget_themegrill_flash_heading tg-widget section-title-wrapper panel-first-child panel-last-child\" data-index=\"0\" >\t<h3 class=\"section-title\">Insolitus<\/h3>\n<\/div><\/div><\/div><div id=\"pg-w5f5227336e2ed-1\"  class=\"panel-grid panel-no-style\" ><div id=\"pgc-w5f5227336e2ed-1-0\"  class=\"panel-grid-cell\" ><div id=\"panel-w5f5227336e2ed-1-0-0\" class=\"so-panel widget widget_themegrill_flash_team tg-widget tg-single-team panel-first-child panel-last-child\" data-index=\"1\" ><div class=\"tg-team-widget tg-team-layout-1\">\n\t<div class=\"team-wrapper\">\n\t\t\t\t<div class=\"team-img\">\n\t\t\t\t\t\t<img decoding=\"async\" src=\"http:\/\/www.insolitus.fi\/wp-content\/uploads\/2020\/09\/juha.jpg\" alt=\"\"\/>\n\t\t<\/div>\n\t\t\t\t<div class=\"team-content-wrapper\">\n\t\t\t<div class=\"team-desc-wrapper\">\n\t\t\t\t<h3 class=\"team-title\"><\/h3>\n\t\t\t\t<div class=\"team-designation\"><\/div>\n\t\t\t\t<div class=\"team-content\"><\/div>\n\t\t\t\t\t\t\t<\/div>\n\t\t<\/div>\n\t<\/div>\n<\/div>\n<\/div><\/div><div id=\"pgc-w5f5227336e2ed-1-1\"  class=\"panel-grid-cell panel-grid-cell-mobile-last\" ><div id=\"panel-w5f5227336e2ed-1-1-0\" class=\"so-panel widget widget_themegrill_flash_team tg-widget tg-single-team panel-first-child panel-last-child\" data-index=\"2\" ><div class=\"tg-team-widget tg-team-layout-2\">\n\t<div class=\"team-wrapper\">\n\t\t\t\t<div class=\"team-content-wrapper\">\n\t\t\t<div class=\"team-desc-wrapper\">\n\t\t\t\t<h3 class=\"team-title\">Juha Viitala<\/h3>\n\t\t\t\t<div class=\"team-designation\"><\/div>\n\t\t\t\t<div class=\"team-content\">Konsultti ja yritt\u00e4j\u00e4 Juha Viitalalla on yli kymmenen vuoden kokemus sote-toimialasta ja erityisosaamisena on terveydenhuollon kansallisen, alueellisen ja paikallisen tason arkkitehtuurit.\n<br><br>\nJuha on toiminut mm. maakunta- ja soteuudistusvalmistelun ICT-p\u00e4\u00e4arkkitehtin\u00e4 Keski-Suomessa, kansallisten sote-tietoj\u00e4rjestelm\u00e4palveluiden (Kanta-palvelut) m\u00e4\u00e4rittelyteht\u00e4viss\u00e4, arkkitehtuurivastaavana, vastuullisena arkkitehtin\u00e4 useissa erillisiss\u00e4 toimeksiannoissa(toiminta, tieto, tietoj\u00e4rjestelm\u00e4t) sek\u00e4 projektip\u00e4\u00e4llikk\u00f6n\u00e4 ja asiantuntijana lukuisissa projekteissa. Juhalla on my\u00f6s kokemusta IT-palvelutuotannon kehitt\u00e4misest\u00e4 ja mm. TOGAF-, ITIL- ja PRINCE2-sertifikaatit.<\/div>\n\t\t\t\t\t\t\t\t<div class=\"team-social\">\n\t\t\t\t\t<div class=\"team-social-block\">\n\t\t\t\t\t\t\t\t\t\t\t\t\t\t\t\t\t\t\t\t\t\t\t\t<a href=\"https:\/\/www.linkedin.com\/in\/juha-viitala-5040472\/\"><i class=\"fa fa-linkedin\"><\/i><\/a>\n\t\t\t\t\t\t\t\t\t\t\t<\/div>\n\t\t\t\t<\/div>\n\t\t\t\t\t\t<\/div>\n\t\t<\/div>\n\t<\/div>\n<\/div>\n<\/div><\/div><div id=\"pgc-w5f5227336e2ed-1-2\"  class=\"panel-grid-cell panel-grid-cell-empty\" ><\/div><\/div><\/div><\/div><\/div><\/div><\/div><\/div><div id=\"pg-334-4\"  class=\"panel-grid panel-has-style\" ><div class=\"siteorigin-panels-stretch panel-row-style panel-row-style-for-334-4\" id=\"contact\" data-stretch-type=\"full\" ><div id=\"pgc-334-4-0\"  class=\"panel-grid-cell\" ><div id=\"panel-334-4-0-0\" class=\"so-panel widget widget_themegrill_flash_heading tg-widget section-title-wrapper panel-first-child panel-last-child\" data-index=\"3\" >\t<h3 class=\"section-title\">Ota yhteytt\u00e4<\/h3>\n<\/div><\/div><\/div><\/div><div id=\"pg-334-5\"  class=\"panel-grid panel-has-style\" ><div class=\"siteorigin-panels-stretch panel-row-style panel-row-style-for-334-5\" id=\"contact\" data-stretch-type=\"full\" ><div id=\"pgc-334-5-0\"  class=\"panel-grid-cell panel-grid-cell-mobile-last\" ><div id=\"panel-334-5-0-0\" class=\"so-panel widget widget_text panel-first-child panel-last-child\" data-index=\"4\" ><h3 class=\"widget-title\">Yhteystiedot<\/h3>\t\t\t<div class=\"textwidget\"><p><i class=\"wp-svg-envelop envelop\"><\/i> Juha.Viitala@insolitus.fi<br \/>\n<i class=\"wp-svg-phone phone\"><\/i> 040 704 4613<br \/>\n<i class=\"wp-svg-location location\"><\/i> Masonmutka 5, 40520 Jyv\u00e4skyl\u00e4<\/p>\n<p><strong>Insolitus Oy<\/strong><br \/>\nY-tunnus: 3118970-7<\/p>\n<\/div>\n\t\t<\/div><\/div><div id=\"pgc-334-5-1\"  class=\"panel-grid-cell panel-grid-cell-empty\" ><\/div><\/div><\/div><\/div>","protected":false},"excerpt":{"rendered":"<p>Insolitus mukana sairaala Novan ICT-suunnittelussa Insolitus on osallistunut vuoden 2020 aikana aktiivisesti sairaala Novan ICT:n suunnitteluun asiantuntijan ja m\u00e4\u00e4rittelij\u00e4n roolissa. [&hellip;]<\/p>\n","protected":false},"author":1,"featured_media":0,"parent":0,"menu_order":0,"comment_status":"closed","ping_status":"closed","template":"page-templates\/pagebuilder.php","meta":{"footnotes":""},"class_list":["post-334","page","type-page","status-publish","hentry"],"_links":{"self":[{"href":"https:\/\/www.insolitus.fi\/index.php\/wp-json\/wp\/v2\/pages\/334","targetHints":{"allow":["GET"]}}],"collection":[{"href":"https:\/\/www.insolitus.fi\/index.php\/wp-json\/wp\/v2\/pages"}],"about":[{"href":"https:\/\/www.insolitus.fi\/index.php\/wp-json\/wp\/v2\/types\/page"}],"author":[{"embeddable":true,"href":"https:\/\/www.insolitus.fi\/index.php\/wp-json\/wp\/v2\/users\/1"}],"replies":[{"embeddable":true,"href":"https:\/\/www.insolitus.fi\/index.php\/wp-json\/wp\/v2\/comments?post=334"}],"version-history":[{"count":133,"href":"https:\/\/www.insolitus.fi\/index.php\/wp-json\/wp\/v2\/pages\/334\/revisions"}],"predecessor-version":[{"id":585,"href":"https:\/\/www.insolitus.fi\/index.php\/wp-json\/wp\/v2\/pages\/334\/revisions\/585"}],"wp:attachment":[{"href":"https:\/\/www.insolitus.fi\/index.php\/wp-json\/wp\/v2\/media?parent=334"}],"curies":[{"name":"wp","href":"https:\/\/api.w.org\/{rel}","templated":true}]}}